{"id":3,"date":"2020-09-14T09:31:46","date_gmt":"2020-09-14T09:31:46","guid":{"rendered":"https:\/\/veteva.vet\/?page_id=3"},"modified":"2021-01-29T09:21:40","modified_gmt":"2021-01-29T09:21:40","slug":"tietosuojaseloste","status":"publish","type":"page","link":"https:\/\/veteva.vet\/en\/tietosuojaseloste\/","title":{"rendered":"Rekisteri- ja tietosuojaseloste Mustin ja Mirrin Et\u00e4el\u00e4inl\u00e4\u00e4k\u00e4ri, Veteva Oy"},"content":{"rendered":"<p><strong>Rekisteri- ja tietosuojaseloste Mustin ja Mirrin Et\u00e4el\u00e4inl\u00e4\u00e4k\u00e4ri, Veteva Oy<\/strong><\/p>\r\n<p>&nbsp;<\/p>\r\n<p>Rekisterin nimi:<\/p>\r\n<p>Mustin ja Mirrin Et\u00e4el\u00e4inl\u00e4\u00e4k\u00e4ri henkil\u00f6tietorekisteri.<\/p>\r\n<p>Rekisteri\u00e4 yll\u00e4pit\u00e4\u00e4 suomalainen el\u00e4inl\u00e4\u00e4kint\u00e4yritys Veteva Oy Mustin ja Mirrin Et\u00e4el\u00e4inl\u00e4\u00e4k\u00e4ri-palvelun tuottamiseksi.<\/p>\r\n<p>Noudatamme EU:n tietosuoja-asetusta (GDPR), kun k\u00e4sittelemme ja tallennamme henkil\u00f6tietoja.<\/p>\r\n<p>Voimme tarpeen mukana muuttaa t\u00e4t\u00e4 rekisteri- ja tietosuojaselostetta ilmoittamatta siit\u00e4 etuk\u00e4teen. Jos muutamme tietosuojaselostetta, ovat muutokset n\u00e4ht\u00e4vill\u00e4 t\u00e4lt\u00e4 tietosuojaselostesivulta.<\/p>\r\n<p>Viimeksi muutettu 29.1.2021.<\/p>\r\n<p>&nbsp;<\/p>\r\n<p>Rekisterinpit\u00e4j\u00e4:<\/p>\r\n<p>Veteva Oy<\/p>\r\n<p>Y-tunnus: 3005917-7, toimiala el\u00e4inl\u00e4\u00e4kint\u00e4<\/p>\r\n<p>Osoite: PL 122, 02101 Espoo<\/p>\r\n<p><a href=\"mailto:asiakaspalvelu@veteva.vet\">asiakaspalvelu@veteva.vet<\/a><\/p>\r\n<p><a href=\"https:\/\/veteva.vet\/en\/\">www.veteva.vet<\/a><\/p>\r\n<p>&nbsp;<\/p>\r\n<p><strong>Henkil\u00f6tietojen k\u00e4sittelyn tarkoitus:<\/strong><\/p>\r\n<p>Tallennamme Mustin ja Mirrin Et\u00e4el\u00e4inl\u00e4\u00e4k\u00e4rin asiakasrekisteriin henkil\u00f6tietoja, jotta et\u00e4n\u00e4 toimivat el\u00e4inl\u00e4\u00e4k\u00e4rit voivat hoitaa el\u00e4inpotilaitaan parhaalla mahdollisella tavalla, noudattaen lakeja ja asetuksia. Tallennamme henkil\u00f6tietoja, jotta potilastapausta koskeva asiakasyhteydenpito, el\u00e4inpotilaan kokonaisvaltainen hoito sek\u00e4 Asiakkaan laskutus ovat mahdollisia. Voimme k\u00e4ytt\u00e4\u00e4 tietoja viestint\u00e4\u00e4n sek\u00e4 tilastollisiin ja palvelun kehitt\u00e4mistarkoituksiin.<\/p>\r\n<p>El\u00e4inl\u00e4\u00e4k\u00e4ri tarjoaa el\u00e4inl\u00e4\u00e4ketieteellist\u00e4 asiantuntemustaan et\u00e4palvelun keinoin (chat, kuvamateriaali, videoyhteys). Lis\u00e4ksi el\u00e4inl\u00e4\u00e4k\u00e4rin suositellessa laadukkaita hoitotuotteita ja ruokia edesautamme suositeltujen tuotteitten saatavuutta Mustin ja Mirrin liikkeiss\u00e4 sek\u00e4 verkkokaupassa. T\u00e4ten mahdollistuu lemmikin kokonaisvaltainen hoito.<\/p>\r\n<p>El\u00e4inl\u00e4\u00e4k\u00e4riammatinharjoittajalla on velvollisuus noudattaa erin\u00e4isi\u00e4 lakeja s\u00e4ilytt\u00e4ess\u00e4\u00e4n asiakas- ja potilasasiakirjoja.<\/p>\r\n<p><em>Laki el\u00e4inl\u00e4\u00e4k\u00e4rinammatin harjoittamisesta<\/em><\/p>\r\n<p><em>15\u00a7<\/em><\/p>\r\n<p><em>Potilasasiakirjat<\/em><\/p>\r\n<p><em>El\u00e4inl\u00e4\u00e4k\u00e4rinammatin harjoittajan on laadittava ja s\u00e4ilytett\u00e4v\u00e4 tutkimiaan ja hoitamiaan\u00a0el\u00e4imi\u00e4 koskevat potilasasiakirjat siten\u00a0kuin ministeri\u00f6 tarkemmin s\u00e4\u00e4t\u00e4<\/em><\/p>\r\n<p><em>Maa- ja Mets\u00e4talousministeri\u00f6n asetus 6\/EEO\/2000 Potilasasiakirjojen laatiminen ja s\u00e4ilytt\u00e4minen.<\/em><\/p>\r\n<p><em>3 \u00a7 Potilaskortistoon merkitt\u00e4v\u00e4t tiedot ja tutkimustulokset<\/em><\/p>\r\n<p><em>Potilaskortistoon on merkitt\u00e4v\u00e4 ainakin seuraavat tiedot:<\/em><\/p>\r\n<p><em>1) el\u00e4imen tai el\u00e4inten omistajan ja haltijan nimi sek\u00e4 yhteystiedot;<\/em><\/p>\r\n<p><em>2) el\u00e4imen tai el\u00e4inryhm\u00e4n tunnistamiseksi tarpeelliset tiedot<\/em><\/p>\r\n<p><em>&#8230;<\/em><\/p>\r\n<p><em>7 \u00a7 Potilaskortiston s\u00e4ilytt\u00e4minen ja h\u00e4vitt\u00e4minen<\/em><\/p>\r\n<p><em>Potilasta koskevat tiedot on s\u00e4ilytett\u00e4v\u00e4 v\u00e4hint\u00e4\u00e4n kolmen vuoden ajan viimeisen el\u00e4int\u00e4 koskevan merkinn\u00e4n tekemisest\u00e4 potilaskortistoon.<\/em><\/p>\r\n<p><em>&#8230;<\/em><\/p>\r\n<p>&nbsp;<\/p>\r\n<p><strong>Rekisterin tietosis\u00e4lt\u00f6:<\/strong><\/p>\r\n<ul>\r\n<li>Asiakkaan etu- ja sukunimi<\/li>\r\n<li>Asiakkaan osoite<\/li>\r\n<li>Asiakkaan puhelinnumero<\/li>\r\n<li>Asiakkaan s\u00e4hk\u00f6postiosoite<\/li>\r\n<li>Asiakkaalle luotu asiakasnumero<\/li>\r\n<li>Asiakkaaseen liittyv\u00e4 muu tekstimuotoinen tieto<\/li>\r\n<li>Ajankohdat, jolloin Asiakas on antanut tietoiset suostumuksensa henkil\u00f6tietojen k\u00e4sittelyyn, eli hyv\u00e4ksynyt<\/li>\r\n<\/ul>\r\n<ul>\r\n<li style=\"list-style-type: none;\">\r\n<ul>\r\n<li>palvelun K\u00e4ytt\u00f6ehdot sek\u00e4 Rekisteri- ja tietosuojaselosteen<\/li>\r\n<li>tietojenluovutussuostumuksen ja t\u00e4ss\u00e4 Rekisteri- ja tietosuojaselosteessa mainittujen tietojen siirron Musti ja Mirri Oy:n kanta-asiakasj\u00e4rjestelm\u00e4st\u00e4 Mustin ja Mirrin Et\u00e4el\u00e4inl\u00e4\u00e4k\u00e4rij\u00e4rjestelm\u00e4\u00e4n Veteva Oy:n hallintaan<\/li>\r\n<\/ul>\r\n<\/li>\r\n<\/ul>\r\n<ul>\r\n<li>tietojenluovutussuostumuksen ja siit\u00e4 seuraavan et\u00e4klinikan k\u00e4yntiajankohdan tallentamisen, asiakas- ja potilaskortin tietojen p\u00e4ivityksen sek\u00e4 tuotesuositustietojen siirron Mustin ja Mirrin Et\u00e4el\u00e4inl\u00e4\u00e4k\u00e4rij\u00e4rjestelm\u00e4st\u00e4 Musti ja Mirri Oy:n kanta-asiakasj\u00e4rjestelm\u00e4\u00e4n<\/li>\r\n<\/ul>\r\n<p>Lis\u00e4ksi tallennamme asiakasrekisteriin potilastietoja, jotta el\u00e4inpotilaan hoito on mahdollista.<\/p>\r\n<ul>\r\n<li>Lemmikin nimi<\/li>\r\n<li>Lemmikin laji<\/li>\r\n<li>Lemmikin rotu<\/li>\r\n<li>Lemmikin syntym\u00e4p\u00e4iv\u00e4<\/li>\r\n<li>Lemmikille luotu potilasnumero<\/li>\r\n<li>Lemmikkiin liittyv\u00e4 muu tekstimuotoinen tieto<\/li>\r\n<li>Lemmikkiin liittyv\u00e4 kuva- tai videomateriaali<\/li>\r\n<li>Lemmikki\u00e4 koskeva k\u00e4ynti- ja hoito- sek\u00e4 sairaushistoria<\/li>\r\n<\/ul>\r\n<p>&nbsp;<\/p>\r\n<p>Asiakas voi k\u00e4ytt\u00e4\u00e4 Mustin ja Mirrin Et\u00e4el\u00e4inl\u00e4\u00e4k\u00e4ripalvelussa samaa k\u00e4ytt\u00e4j\u00e4tunnusta ja salasanaa, kuin omassa Mustin ja Mirrin kanta-asiakasprofiilissaan.<\/p>\r\n<p>Mustin ja Mirrin Et\u00e4el\u00e4inl\u00e4\u00e4k\u00e4rij\u00e4rjestelm\u00e4\u00e4n ei koskaan tallenna Asiakkaan salasanaa. K\u00e4ytt\u00e4j\u00e4tunnusta ei tallenneta varsinaiseen henkil\u00f6tietokantaan.<\/p>\r\n<p>&nbsp;<\/p>\r\n<p><strong>S\u00e4\u00e4nn\u00f6nmukaiset tietol\u00e4hteet:<\/strong><\/p>\r\n<p>Rekisterinpit\u00e4j\u00e4 tallentaa asiakasrekisteriin Asiakkaan tiedot.<\/p>\r\n<p>Lis\u00e4ksi tallennamme Asiakkaan omistaman lemmikin tai lemmikkien tietoja.<\/p>\r\n<p>Mustin ja Mirrin Et\u00e4el\u00e4inl\u00e4\u00e4k\u00e4rin asiakastiedot saamme asiakkaan omalla suostumuksella ja valtuutuksella Musti ja Mirri Oy:n kanta-asiakasj\u00e4rjestelm\u00e4st\u00e4. Kyseinen suostumus tulee vahvistaa s\u00e4\u00e4nn\u00f6llisin v\u00e4liajoin.<\/p>\r\n<p>Voimme saada henkil\u00f6tietoja my\u00f6s Asiakkaan itse p\u00e4ivitt\u00e4min\u00e4.<\/p>\r\n<p>&nbsp;<\/p>\r\n<p><strong>Henkil\u00f6tietojen tallentaminen ja s\u00e4ilytt\u00e4minen:<\/strong><\/p>\r\n<ul>\r\n<li>Rekisterinpit\u00e4j\u00e4 noudattaa EU:n yleist\u00e4 tietosuojas\u00e4\u00e4ntely\u00e4, jonka mukaisesti Rekisterinpit\u00e4j\u00e4 toimii lainmukaisesti ja l\u00e4pin\u00e4kyv\u00e4sti. Asiakas voi saada ker\u00e4tyt tiedot itselleen n\u00e4ht\u00e4v\u00e4ksi<\/li>\r\n<li>Rekisterinpit\u00e4j\u00e4 ker\u00e4\u00e4 vain tiettyyn k\u00e4ytt\u00f6tarkoitukseen sidottuja tietoja, eik\u00e4 luovuta tietojasi ulkopuolisille tahoille, ellei siihen ole Asiakkaan nimenomaista suostumusta tai muuta asianmukaista syyt\u00e4<\/li>\r\n<li>Rekisterinpit\u00e4j\u00e4 tallentaa vain tarpeellisen tiedon ja pyrkii aina pit\u00e4m\u00e4\u00e4n tiedot t\u00e4sm\u00e4llisin\u00e4.<\/li>\r\n<li>Rekisterinpit\u00e4j\u00e4 s\u00e4ilytt\u00e4\u00e4 tietoa vain sen ajan kuin tieto on tarpeen, jonka j\u00e4lkeen tieto, joko automaattisesti tai rutiininomaisesti poistetaan, ellei s\u00e4ilytykselle ole Rekisterinpit\u00e4j\u00e4\u00e4 velvoittavaa lakiin perustuvaa syyt\u00e4.<\/li>\r\n<\/ul>\r\n<p>&nbsp;<\/p>\r\n<p><strong>Asiakastietojen s\u00e4\u00e4nn\u00f6nmukaiset luovutukset:<\/strong><\/p>\r\n<p>Rekisterinpit\u00e4j\u00e4 ei tee s\u00e4\u00e4nn\u00f6nmukaisia asiakastietojen luovutuksia kolmansille osapuolille, yhteisty\u00f6kumppaneita lukuun ottamatta.<\/p>\r\n<p>Tietoja voidaan luovuttaa viranomaisille voimassa olevan lains\u00e4\u00e4d\u00e4nn\u00f6n mukaisissa rajoissa tai m\u00e4\u00e4r\u00e4ysten niin vaatiessa esimerkiksi v\u00e4\u00e4rink\u00e4yt\u00f6sten selvitt\u00e4miseksi.<\/p>\r\n<p>Tietoja voidaan luovuttaa esimerkiksi perint\u00e4yhti\u00f6ille.<\/p>\r\n<p>Rekisterinpit\u00e4j\u00e4 luovuttaa yhteisty\u00f6kumppanilleen Musti ja Mirri Oy:lle tiedon asiakkaan asioinnista Mustin ja Mirrin Et\u00e4el\u00e4inl\u00e4\u00e4k\u00e4riss\u00e4, kun t\u00e4ll\u00e4 on asiakkuus Musti ja Mirri Oy:ll\u00e4 sek\u00e4 voimassa oleva tietojenluovutussopimus. Jos Asiakas on p\u00e4ivitt\u00e4nyt asiakastietojaan Mustin ja Mirrin Et\u00e4el\u00e4inl\u00e4\u00e4k\u00e4riin, p\u00e4ivittyv\u00e4t tiedot my\u00f6s Musti ja Mirri Oy:n kanta-asiakasj\u00e4rjestelm\u00e4\u00e4n.<\/p>\r\n<p>&nbsp;<\/p>\r\n<p><strong>Potilastietojen luovutus ja k\u00e4ytt\u00f6<\/strong><\/p>\r\n<p>Emme tee s\u00e4\u00e4nn\u00f6nmukaisia, suoria potilastietojen luovutuksia.<\/p>\r\n<p>Tietoja voidaan luovuttaa viranomaisille voimassa olevan lains\u00e4\u00e4d\u00e4nn\u00f6n mukaisissa rajoissa tai m\u00e4\u00e4r\u00e4ysten niin vaatiessa esimerkiksi v\u00e4\u00e4rink\u00e4yt\u00f6sten selvitt\u00e4miseksi.<\/p>\r\n<p>Luovutamme et\u00e4el\u00e4inl\u00e4\u00e4k\u00e4rik\u00e4ynnin p\u00e4\u00e4tteeksi yhteisty\u00f6kumppanillemme Musti ja Mirri Oy:lle tietoja tietyist\u00e4 asiakkaalle suositelluista tuotteista, kuten hoitotarvikkeista sek\u00e4 ruuista.<\/p>\r\n<p>Kyseiset tiedot s\u00e4ilytet\u00e4\u00e4n sek\u00e4 luovutetaan erill\u00e4\u00e4n potilask\u00e4ynnin hoitotapahtumasta sek\u00e4 -historiasta. Musti ja Mirri Oy:lle ei luovuteta potilaan sairaus- tai hoitohistoriaa eik\u00e4 tuotesuosituksia, jotka koskevat l\u00e4\u00e4kkeit\u00e4, apteekkituotteita tai tuotteita, joita ei ole Musti Group Oy:n verkkokaupassa tai liikkeiss\u00e4.<\/p>\r\n<p>Hyv\u00e4ksym\u00e4ll\u00e4 Mustin ja Mirrin Et\u00e4el\u00e4inl\u00e4\u00e4k\u00e4rin K\u00e4ytt\u00f6ehdot, Rekisteri- ja tietosuojaselosteen sek\u00e4 Tietojenluovutussopimukset Asiakas hyv\u00e4ksyy sen, ett\u00e4 Asiakkaalle suositellut tuotetiedot koskien lemmikille suositeltuja vapaakaupan tarvikkeita ja ruokia, joita myyd\u00e4\u00e4n Musti Group Oy:n liikkeiss\u00e4 tai verkkokaupassa, siirtyv\u00e4t Veteva Oy:n j\u00e4rjestelm\u00e4st\u00e4 et\u00e4el\u00e4inl\u00e4\u00e4k\u00e4rik\u00e4ynnin p\u00e4\u00e4tteeksi Musti Group Oy:lle Musti ja Mirri kanta-asiakasj\u00e4rjestelm\u00e4\u00e4n asiakkaan omaan asiakasprofiiliin. Siell\u00e4 ne muodostavat asiakkaan toimintaa ja lemmikin hoitoa helpottavan, selke\u00e4n kauppalistan.<\/p>\r\n<p>Jos asiakas on p\u00e4ivitt\u00e4nyt lemmikin tietoja tai lis\u00e4nnyt itselleen uuden lemmikin Mustin ja Mirrin Et\u00e4el\u00e4inl\u00e4\u00e4k\u00e4riin, p\u00e4ivittyv\u00e4t tiedot my\u00f6s Musti ja Mirri Oy:n kanta-asiakasj\u00e4rjestelm\u00e4\u00e4n.<\/p>\r\n<p>Veteva Oy voi hy\u00f6dynt\u00e4\u00e4 anonymisoitua potilasdataa tilastollisiin tarkoituksiin, palvelun kehitt\u00e4mistarkoituksiin sek\u00e4 tieteelliseen tutkimusk\u00e4ytt\u00f6\u00f6n.<\/p>\r\n<p>&nbsp;<\/p>\r\n<p><strong>Tietojen siirto EU:n tai ETA:n ulkopuolelle<\/strong><\/p>\r\n<p>Henkil\u00f6tietoja ei siirret\u00e4 EU:n tai ETA alueen ulkopuolelle.<\/p>\r\n<p>&nbsp;<\/p>\r\n<p><strong>Rekisterin suojauksen periaatteet<\/strong><\/p>\r\n<p>Rekisteri\u00e4 yll\u00e4pidet\u00e4\u00e4n teknisen\u00e4 tallenteena salatun tietoliikenneyhteyden kautta salasanoin ja palomuurein suojattuina. J\u00e4rjestelm\u00e4\u00e4n tallennettuihin tietoihin p\u00e4\u00e4sev\u00e4t ja niit\u00e4 ovat oikeutettuja k\u00e4ytt\u00e4m\u00e4\u00e4n vain tietyt, ennalta m\u00e4\u00e4ritellyt rekisterinpit\u00e4j\u00e4n henkil\u00f6kuntaan kuuluvat henkil\u00f6t ja alihankkijat.<\/p>\r\n<p>Rekisteri\u00e4 yll\u00e4pit\u00e4\u00e4 teknisesti Veteva Oy.<\/p>\r\n<p>Veteva Oy:lla on asianmukaiset tekniset ja organisatoriset turvallisuusk\u00e4yt\u00e4nn\u00f6t ja prosessit turvaamassa henkil\u00f6tietoja h\u00e4vi\u00e4miselt\u00e4, v\u00e4\u00e4rink\u00e4yt\u00f6lt\u00e4 tai muulta vastaavalta laittomalta p\u00e4\u00e4sylt\u00e4.<\/p>\r\n<p>Rekisteriin sis\u00e4ltyv\u00e4t henkil\u00f6tiedot s\u00e4ilytet\u00e4\u00e4n luottamuksellisina. Rekisterin k\u00e4ytt\u00f6 on rekisterinpit\u00e4j\u00e4n organisaatiossa ohjeistettu ja henkil\u00f6rekisteriin p\u00e4\u00e4sy on rajattu siten, ett\u00e4 j\u00e4rjestelm\u00e4\u00e4n tallennettuihin rekisterin sis\u00e4lt\u00e4miin tietoihin p\u00e4\u00e4sev\u00e4t k\u00e4siksi ja niit\u00e4 ovat oikeutettuja k\u00e4ytt\u00e4m\u00e4\u00e4n vain ne ty\u00f6ntekij\u00e4t, joilla on ty\u00f6teht\u00e4viens\u00e4 puolesta siihen oikeus ja jotka tarvitsevat tietoja teht\u00e4v\u00e4ss\u00e4\u00e4n. K\u00e4ytt\u00f6 edellytt\u00e4\u00e4 kirjautumista tietoj\u00e4rjestelm\u00e4\u00e4n. Henkil\u00f6tietoja k\u00e4sittelev\u00e4ll\u00e4 henkil\u00f6st\u00f6ll\u00e4 eli el\u00e4interveydenhuollon ammattilaisilla, kuten el\u00e4inl\u00e4\u00e4k\u00e4reill\u00e4 on vaitiolovelvollisuus.<\/p>\r\n<p>J\u00e4rjestelm\u00e4 on suojattu suojausohjelmiston avulla. J\u00e4rjestelm\u00e4\u00e4n sis\u00e4\u00e4np\u00e4\u00e4sy edellytt\u00e4\u00e4 kultakin rekisterin k\u00e4ytt\u00e4j\u00e4lt\u00e4 k\u00e4ytt\u00e4j\u00e4tunnuksen ja vahvan salasanan sy\u00f6tt\u00e4mist\u00e4. Palvelinymp\u00e4rist\u00f6 on suojattu salasanoilla ja asianmukaisella palomuurilla. Palvelimen ja k\u00e4ytt\u00e4j\u00e4n koneen v\u00e4linen tietoliikenne kulkee salattuna. Lis\u00e4ksi rekisterinpit\u00e4j\u00e4n tietoverkko ja laitteisto, jolla rekisteri sijaitsee, on suojattu palomuurilla ja muiden teknisten toimenpiteiden avulla. Henkil\u00f6tietoja sis\u00e4lt\u00e4vien aineistojen h\u00e4vitys tehd\u00e4\u00e4n tietoturvallisesti.<\/p>\r\n<p>&nbsp;<\/p>\r\n<p><strong>Tarkastusoikeudet ja oikeus vaatia tiedon korjaamista tai poistamista<\/strong><\/p>\r\n<p>Asiakkaalla on oikeus saada p\u00e4\u00e4sy henkil\u00f6tietoihinsa.<\/p>\r\n<p>Asiakkaalla on oikeus vaatia henkil\u00f6tietojensa oikaisemista.<\/p>\r\n<p>Asiakkaalla on oikeus vaatia henkil\u00f6tietojensa poistamista, kuitenkin ottaen huomioon lain ja asetusten asettamat vaatimukset (esimerkiksi Laki el\u00e4inl\u00e4\u00e4k\u00e4rinammatin harjoittamisesta sek\u00e4 Maa- ja Mets\u00e4talousministeri\u00f6n asetus 6\/EEO\/2000 Potilasasiakirjojen laatiminen ja s\u00e4ilytt\u00e4minen).<\/p>\r\n<p>Asiakasrekisterin haltija luovuttaa GDPR-asetusta noudattaen asiakkaalle h\u00e4nen henkil\u00f6tietojaan koskevan j\u00e4ljenn\u00f6ksen ymm\u00e4rrett\u00e4v\u00e4ss\u00e4 muodossa ja aina kirjallisesti. Pyynn\u00f6t osoitetaan MustiVetin asiakastiedoissa olevasta s\u00e4hk\u00f6postiosoitteesta l\u00e4hetettyn\u00e4 osoitteisiin <a href=\"mailto:tekninen.tuki@veteva.vet\">tekninen.tuki@veteva.vet<\/a> sek\u00e4 <a href=\"mailto:asiakaspalvelu@veteva.vet\">asiakaspalvelu@veteva.vet<\/a>\u00a0<\/p>\r\n<p>Tai henkil\u00f6kohtaisesti allekirjoitetulla kirjeell\u00e4 Veteva Oy, PL 122, 02101 Espoo.<\/p>\r\n<p>&nbsp;<\/p>\r\n<p><strong>Muut henkil\u00f6tietojen k\u00e4sittelyyn liittyv\u00e4t oikeudet<\/strong><\/p>\r\n<p>Rekister\u00f6idyll\u00e4 on oikeus kielt\u00e4\u00e4 rekisterinpit\u00e4j\u00e4\u00e4 k\u00e4sittelem\u00e4st\u00e4 h\u00e4nt\u00e4 itse\u00e4\u00e4n koskevia tietoja t\u00e4ss\u00e4 rekisteriselosteessa mainittuihin tarkoituksiin, ellei toisin ole sovittu rekisterinpit\u00e4j\u00e4n ja rekister\u00f6idyn v\u00e4lill\u00e4 ja ellei tietojen k\u00e4sittelyyn ole muuta lakiin, viranomaism\u00e4\u00e4r\u00e4ykseen tai vastaavaan liittyv\u00e4\u00e4 perustetta.<\/p>\r\n<p>Asiakasta saatetaan l\u00e4hesty\u00e4 puhelimitse tai s\u00e4hk\u00f6postitse liittyen potilaan eli lemmikin hoitoon.<\/p>\r\n<p>Esimerkiksi markkinointikieltoja (soitto, painettu suoramarkkinointi, tekstiviesti ja s\u00e4hk\u00f6posti) koskevat tietojen korjauspyynn\u00f6t osoitetaan Musti ja Mirri et\u00e4el\u00e4inl\u00e4\u00e4k\u00e4rin asiakastiedoissa olevasta s\u00e4hk\u00f6postiosoitteesta l\u00e4hetettyn\u00e4 osoitteisiin <a href=\"mailto:tekninen.tuki@veteva.vet\">tekninen.tuki@veteva.vet<\/a> sek\u00e4 <a href=\"mailto:asiakaspalvelu@veteva.vet\">asiakaspalvelu@veteva.vet<\/a>\u00a0.<\/p>\r\n<p>Lis\u00e4ksi rekister\u00f6idyll\u00e4 on oikeus tehd\u00e4 valitus henkil\u00f6tiedon k\u00e4sittelyst\u00e4 asianmukaiselle valvontaviranomaiselle.<\/p>\r\n<p>&nbsp;<\/p>\r\n<p><strong>Oikeus peruuttaa tietojenluovutussopimus<\/strong><\/p>\r\n<p>Asiakkaalla on oikeus peruuttaa suostumuksensa henkil\u00f6tietojen k\u00e4sittelyyn.<\/p>\r\n<p>Pyynn\u00f6t osoitetaan Musti ja Mirri et\u00e4el\u00e4inl\u00e4\u00e4k\u00e4rin asiakastiedoissa olevasta s\u00e4hk\u00f6postiosoitteesta l\u00e4hetettyn\u00e4 osoitteisiin <a href=\"mailto:tekninen.tuki@veteva.vet\">tekninen.tuki@veteva.vet<\/a> sek\u00e4 <a href=\"mailto:asiakaspalvelu@veteva.vet\">asiakaspalvelu@veteva.vet<\/a><\/p>\r\n<p>Kun Asiakas on esitt\u00e4nyt pyynn\u00f6n peruuttaa tietojenluovutussopimus ja Mustin ja Mirrin Et\u00e4el\u00e4inl\u00e4\u00e4k\u00e4ri on vahvistanut t\u00e4m\u00e4n, emme en\u00e4\u00e4 k\u00e4sittele asiakkaan tietoja, vaan asiakasprofiili j\u00e4\u00e4dytet\u00e4\u00e4n. Asiakastietojen j\u00e4\u00e4dytys tehd\u00e4\u00e4n kuitenkin ottaen huomion lain asettamat vaatimukset (esimerkiksi Laki el\u00e4inl\u00e4\u00e4k\u00e4rinammatin harjoittamisesta sek\u00e4 Maa- ja Mets\u00e4talousministeri\u00f6n asetus 6\/EEO\/2000 Potilasasiakirjojen laatiminen ja s\u00e4ilytt\u00e4minen).<\/p>\r\n<p>Jos asiakastiedot on j\u00e4\u00e4dytetty Asiakkaan omasta pyynn\u00f6st\u00e4 tai johtuen hyv\u00e4ksym\u00e4tt\u00f6mist\u00e4 tai puutteellisesti hyv\u00e4ksytyist\u00e4 Ehdoista tai Tietojenluovutussopimuksista, estyy Mustin ja Mirrin Et\u00e4el\u00e4inl\u00e4\u00e4k\u00e4rin k\u00e4ytt\u00f6.<\/p>\r\n<p>&nbsp;<\/p>\r\n<p>P\u00e4ivitetty Espoossa 29.1.2021<\/p>","protected":false},"excerpt":{"rendered":"<p>Rekisteri- ja tietosuojaseloste Mustin ja Mirrin Et\u00e4el\u00e4inl\u00e4\u00e4k\u00e4ri, Veteva Oy &nbsp; Rekisterin nimi: Mustin ja Mirrin Et\u00e4el\u00e4inl\u00e4\u00e4k\u00e4ri henkil\u00f6tietorekisteri. Rekisteri\u00e4 yll\u00e4pit\u00e4\u00e4 suomalainen [&hellip;]<\/p>","protected":false},"author":1,"featured_media":0,"parent":0,"menu_order":0,"comment_status":"closed","ping_status":"open","template":"","meta":{"_mi_skip_tracking":false,"_monsterinsights_sitenote_active":false,"_monsterinsights_sitenote_note":"","_monsterinsights_sitenote_category":0},"yoast_head":"<!-- This site is optimized with the Yoast SEO plugin v20.8 - https:\/\/yoast.com\/wordpress\/plugins\/seo\/ -->\n<title>Rekisteri- ja tietosuojaseloste Mustin ja Mirrin Et\u00e4el\u00e4inl\u00e4\u00e4k\u00e4ri, Veteva Oy - Veteva Oy<\/title>\n<meta name=\"robots\" content=\"index, follow, max-snippet:-1, max-image-preview:large, max-video-preview:-1\" \/>\n<link rel=\"canonical\" href=\"https:\/\/veteva.vet\/en\/tietosuojaseloste\/\" \/>\n<meta property=\"og:locale\" content=\"en_GB\" \/>\n<meta property=\"og:type\" content=\"article\" \/>\n<meta property=\"og:title\" content=\"Rekisteri- ja tietosuojaseloste Mustin ja Mirrin Et\u00e4el\u00e4inl\u00e4\u00e4k\u00e4ri, Veteva Oy - Veteva Oy\" \/>\n<meta property=\"og:description\" content=\"Rekisteri- ja tietosuojaseloste Mustin ja Mirrin Et\u00e4el\u00e4inl\u00e4\u00e4k\u00e4ri, Veteva Oy &nbsp; Rekisterin nimi: Mustin ja Mirrin Et\u00e4el\u00e4inl\u00e4\u00e4k\u00e4ri henkil\u00f6tietorekisteri. Rekisteri\u00e4 yll\u00e4pit\u00e4\u00e4 suomalainen [&hellip;]\" \/>\n<meta property=\"og:url\" content=\"https:\/\/veteva.vet\/en\/tietosuojaseloste\/\" \/>\n<meta property=\"og:site_name\" content=\"Veteva Oy\" \/>\n<meta property=\"article:modified_time\" content=\"2021-01-29T09:21:40+00:00\" \/>\n<meta name=\"twitter:card\" content=\"summary_large_image\" \/>\n<meta name=\"twitter:label1\" content=\"Estimated reading time\" \/>\n\t<meta name=\"twitter:data1\" content=\"9 minutes\" \/>\n<script type=\"application\/ld+json\" class=\"yoast-schema-graph\">{\"@context\":\"https:\/\/schema.org\",\"@graph\":[{\"@type\":\"WebPage\",\"@id\":\"https:\/\/veteva.vet\/tietosuojaseloste\/\",\"url\":\"https:\/\/veteva.vet\/tietosuojaseloste\/\",\"name\":\"Rekisteri- ja tietosuojaseloste Mustin ja Mirrin Et\u00e4el\u00e4inl\u00e4\u00e4k\u00e4ri, Veteva Oy - Veteva Oy\",\"isPartOf\":{\"@id\":\"https:\/\/veteva.vet\/#website\"},\"datePublished\":\"2020-09-14T09:31:46+00:00\",\"dateModified\":\"2021-01-29T09:21:40+00:00\",\"breadcrumb\":{\"@id\":\"https:\/\/veteva.vet\/tietosuojaseloste\/#breadcrumb\"},\"inLanguage\":\"en-GB\",\"potentialAction\":[{\"@type\":\"ReadAction\",\"target\":[\"https:\/\/veteva.vet\/tietosuojaseloste\/\"]}]},{\"@type\":\"BreadcrumbList\",\"@id\":\"https:\/\/veteva.vet\/tietosuojaseloste\/#breadcrumb\",\"itemListElement\":[{\"@type\":\"ListItem\",\"position\":1,\"name\":\"Home\",\"item\":\"https:\/\/veteva.vet\/\"},{\"@type\":\"ListItem\",\"position\":2,\"name\":\"Rekisteri- ja tietosuojaseloste Mustin ja Mirrin Et\u00e4el\u00e4inl\u00e4\u00e4k\u00e4ri, Veteva Oy\"}]},{\"@type\":\"WebSite\",\"@id\":\"https:\/\/veteva.vet\/#website\",\"url\":\"https:\/\/veteva.vet\/\",\"name\":\"Veteva Oy\",\"description\":\"El&auml;inl&auml;&auml;k&auml;ri aina l&auml;hell&auml;\",\"potentialAction\":[{\"@type\":\"SearchAction\",\"target\":{\"@type\":\"EntryPoint\",\"urlTemplate\":\"https:\/\/veteva.vet\/?s={search_term_string}\"},\"query-input\":\"required name=search_term_string\"}],\"inLanguage\":\"en-GB\"}]}<\/script>\n<!-- \/ Yoast SEO plugin. -->","yoast_head_json":{"title":"Rekisteri- ja tietosuojaseloste Mustin ja Mirrin Et\u00e4el\u00e4inl\u00e4\u00e4k\u00e4ri, Veteva Oy - Veteva Oy","robots":{"index":"index","follow":"follow","max-snippet":"max-snippet:-1","max-image-preview":"max-image-preview:large","max-video-preview":"max-video-preview:-1"},"canonical":"https:\/\/veteva.vet\/en\/tietosuojaseloste\/","og_locale":"en_GB","og_type":"article","og_title":"Rekisteri- ja tietosuojaseloste Mustin ja Mirrin Et\u00e4el\u00e4inl\u00e4\u00e4k\u00e4ri, Veteva Oy - Veteva Oy","og_description":"Rekisteri- ja tietosuojaseloste Mustin ja Mirrin Et\u00e4el\u00e4inl\u00e4\u00e4k\u00e4ri, Veteva Oy &nbsp; Rekisterin nimi: Mustin ja Mirrin Et\u00e4el\u00e4inl\u00e4\u00e4k\u00e4ri henkil\u00f6tietorekisteri. Rekisteri\u00e4 yll\u00e4pit\u00e4\u00e4 suomalainen [&hellip;]","og_url":"https:\/\/veteva.vet\/en\/tietosuojaseloste\/","og_site_name":"Veteva Oy","article_modified_time":"2021-01-29T09:21:40+00:00","twitter_card":"summary_large_image","twitter_misc":{"Estimated reading time":"9 minutes"},"schema":{"@context":"https:\/\/schema.org","@graph":[{"@type":"WebPage","@id":"https:\/\/veteva.vet\/tietosuojaseloste\/","url":"https:\/\/veteva.vet\/tietosuojaseloste\/","name":"Rekisteri- ja tietosuojaseloste Mustin ja Mirrin Et\u00e4el\u00e4inl\u00e4\u00e4k\u00e4ri, Veteva Oy - Veteva Oy","isPartOf":{"@id":"https:\/\/veteva.vet\/#website"},"datePublished":"2020-09-14T09:31:46+00:00","dateModified":"2021-01-29T09:21:40+00:00","breadcrumb":{"@id":"https:\/\/veteva.vet\/tietosuojaseloste\/#breadcrumb"},"inLanguage":"en-GB","potentialAction":[{"@type":"ReadAction","target":["https:\/\/veteva.vet\/tietosuojaseloste\/"]}]},{"@type":"BreadcrumbList","@id":"https:\/\/veteva.vet\/tietosuojaseloste\/#breadcrumb","itemListElement":[{"@type":"ListItem","position":1,"name":"Home","item":"https:\/\/veteva.vet\/"},{"@type":"ListItem","position":2,"name":"Rekisteri- ja tietosuojaseloste Mustin ja Mirrin Et\u00e4el\u00e4inl\u00e4\u00e4k\u00e4ri, Veteva Oy"}]},{"@type":"WebSite","@id":"https:\/\/veteva.vet\/#website","url":"https:\/\/veteva.vet\/","name":"Veteva Oy","description":"El&auml;inl&auml;&auml;k&auml;ri aina l&auml;hell&auml;","potentialAction":[{"@type":"SearchAction","target":{"@type":"EntryPoint","urlTemplate":"https:\/\/veteva.vet\/?s={search_term_string}"},"query-input":"required name=search_term_string"}],"inLanguage":"en-GB"}]}},"_links":{"self":[{"href":"https:\/\/veteva.vet\/en\/wp-json\/wp\/v2\/pages\/3"}],"collection":[{"href":"https:\/\/veteva.vet\/en\/wp-json\/wp\/v2\/pages"}],"about":[{"href":"https:\/\/veteva.vet\/en\/wp-json\/wp\/v2\/types\/page"}],"author":[{"embeddable":true,"href":"https:\/\/veteva.vet\/en\/wp-json\/wp\/v2\/users\/1"}],"replies":[{"embeddable":true,"href":"https:\/\/veteva.vet\/en\/wp-json\/wp\/v2\/comments?post=3"}],"version-history":[{"count":2,"href":"https:\/\/veteva.vet\/en\/wp-json\/wp\/v2\/pages\/3\/revisions"}],"predecessor-version":[{"id":88543,"href":"https:\/\/veteva.vet\/en\/wp-json\/wp\/v2\/pages\/3\/revisions\/88543"}],"wp:attachment":[{"href":"https:\/\/veteva.vet\/en\/wp-json\/wp\/v2\/media?parent=3"}],"curies":[{"name":"wp","href":"https:\/\/api.w.org\/{rel}","templated":true}]}}