{"id":3541,"date":"2014-12-11T17:50:51","date_gmt":"2014-12-11T16:50:51","guid":{"rendered":"https:\/\/undsgn.com\/uncode\/?page_id=3541"},"modified":"2023-03-03T13:53:14","modified_gmt":"2023-03-03T13:53:14","slug":"meista","status":"publish","type":"page","link":"https:\/\/veteva.vet\/en\/meista\/","title":{"rendered":"Meist\u00e4"},"content":{"rendered":"<div data-parent=\"true\" class=\"vc_row row-container\" id=\"row-unique-0\"><div class=\"row no-top-padding no-bottom-padding no-h-padding row-slider row-parent\" data-height-ratio=\"64\"><div class=\"owl-carousel-wrapper style-light\"><div class=\"uncode-slider owl-carousel-container owl-dots-inside owl-dots-align-center\"><div id=\"uslider_725305676\" class=\"owl-carousel owl-element owl-dots-inside owl-height-forced\" data-loop=\"false\" data-autoheight=\"false\" data-nav=\"true\" data-dotsmobile=\"true\" data-dots=\"true\" data-navspeed=\"400\" data-autoplay=\"false\" data-lg=\"1\" data-md=\"1\" data-sm=\"1\" data-limit-width=\"false\"><div class=\"vc_row row-internal row-container with-kburns with-parallax\"><div class=\"row-background background-element\">\n\t\t\t\t\t\t\t\t\t\t\t<div class=\"background-wrapper\">\n\t\t\t\t\t\t\t\t\t\t\t\t<div class=\"background-inner\" style=\"background-image: url(https:\/\/veteva.vet\/wp-content\/uploads\/2021\/01\/BG1.jpg);background-repeat: no-repeat;background-position: center center;background-size: cover;\"><\/div>\n\t\t\t\t\t\t\t\t\t\t\t\t\n\t\t\t\t\t\t\t\t\t\t\t<\/div>\n\t\t\t\t\t\t\t\t\t\t<\/div><div class=\"row quad-top-padding quad-bottom-padding single-h-padding row-child limit-width\"><div class=\"wpb_row row-inner\"><div class=\"wpb_column pos-middle pos-center align_center column_child col-lg-12 single-internal-gutter\"><div class=\"uncol style-dark animate_when_almost_visible alpha-anim\" ><div class=\"uncoltable\"><div class=\"uncell no-block-padding\" ><div class=\"uncont\"><\/div><\/div><\/div><\/div><\/div><\/div><\/div><\/div><\/div><div class=\"uncode_slider-dot_classes single-h-padding owl-dots-classes\"><\/div><\/div><\/div><script id=\"script-row-unique-0\" data-row=\"script-row-unique-0\" type=\"text\/javascript\" class=\"vc_controls\">UNCODE.initRow(document.getElementById(\"row-unique-0\"));<\/script><\/div><\/div><div data-parent=\"true\" class=\"vc_row style-color-xsdn-bg row-container\" id=\"row-unique-1\"><div class=\"row quad-top-padding quad-bottom-padding single-h-padding limit-width row-parent\"><div class=\"wpb_row row-inner\"><div class=\"wpb_column pos-top pos-left align_center column_parent col-lg-12 double-internal-gutter\"><div class=\"uncol style-light\"  ><div class=\"uncoltable\"><div class=\"uncell no-block-padding\" ><div class=\"uncont\"><div class=\"vc_row row-internal row-container\"><div class=\"row row-child\"><div class=\"wpb_row row-inner\"><div class=\"wpb_column pos-top pos-center align_center column_child col-lg-12 single-internal-gutter\"><div class=\"uncol style-light\" ><div class=\"uncoltable\"><div class=\"uncell no-block-padding\" ><div class=\"uncont\"><div class=\"vc_custom_heading_wrap\"><div class=\"heading-text el-text\" ><h2 class=\"h2 font-weight-900 text-color-482803-color\" ><span><span style=\"font-weight: 400;\">Our mission<\/span><\/span><\/h2><hr class=\"separator-break\" \/><div><p>We want to provide excellent remote veterinary services to all consumers.<br \/>\nThe service we offer is:<\/p>\n<\/div><\/div><div class=\"clear\"><\/div><\/div><\/div><\/div><\/div><\/div><\/div><\/div><\/div><\/div><div class=\"vc_row row-internal row-container\"><div class=\"row col-double-gutter row-child\"><div class=\"wpb_row row-inner\"><div class=\"wpb_column pos-top pos-center align_center column_child col-lg-4 col-md-33 single-internal-gutter\"><div class=\"uncol style-light\" ><div class=\"uncoltable\"><div class=\"uncell no-block-padding\" ><div class=\"uncont\"><div class=\"icon-box icon-box-top\" ><div class=\"icon-box-icon fa-container\"><span class=\"text-accent-color btn-disable-hover\"><i class=\"fa fa-phone2 fa-3x fa-fw\"><\/i><\/span><\/div><div class=\"icon-box-content\"><div class=\"icon-box-heading icon-box-fa-3x\"><h3 class=\"font-513250 h4 fontspace-111509\">easy to use<\/h3><\/div><\/div><\/div><\/div><\/div><\/div><\/div><\/div><div class=\"wpb_column pos-top pos-center align_center column_child col-lg-4 col-md-33 single-internal-gutter\"><div class=\"uncol style-light\" ><div class=\"uncoltable\"><div class=\"uncell no-block-padding\" ><div class=\"uncont\"><div class=\"icon-box icon-box-top\" ><div class=\"icon-box-icon fa-container\"><span class=\"text-accent-color btn-disable-hover\"><i class=\"fa fa-eur fa-3x fa-fw\"><\/i><\/span><\/div><div class=\"icon-box-content\"><div class=\"icon-box-heading icon-box-fa-3x\"><h3 class=\"font-513250 h4 fontspace-111509\">affordable<\/h3><\/div><\/div><\/div><\/div><\/div><\/div><\/div><\/div><div class=\"wpb_column pos-top pos-center align_center column_child col-lg-4 col-md-33 single-internal-gutter\"><div class=\"uncol style-light\" ><div class=\"uncoltable\"><div class=\"uncell no-block-padding\" ><div class=\"uncont\"><div class=\"icon-box icon-box-top\" ><div class=\"icon-box-icon fa-container\"><span class=\"text-accent-color btn-disable-hover\"><i class=\"fa fa-clock3 fa-3x fa-fw\"><\/i><\/span><\/div><div class=\"icon-box-content\"><div class=\"icon-box-heading icon-box-fa-3x\"><h3 class=\"font-513250 h4 fontspace-111509\">fast<\/h3><\/div><\/div><\/div><\/div><\/div><\/div><\/div><\/div><\/div><\/div><\/div><div class=\"vc_row row-internal row-container\"><div class=\"row col-double-gutter row-child\"><div class=\"wpb_row row-inner\"><div class=\"wpb_column pos-top pos-center align_center column_child col-lg-4 col-md-33 single-internal-gutter\"><div class=\"uncol style-light\" ><div class=\"uncoltable\"><div class=\"uncell no-block-padding\" ><div class=\"uncont\"><div class=\"icon-box icon-box-top\" ><div class=\"icon-box-icon fa-container\"><span class=\"text-accent-color btn-disable-hover\"><i class=\"fa fa-paw2 fa-3x fa-fw\"><\/i><\/span><\/div><div class=\"icon-box-content\"><div class=\"icon-box-heading icon-box-fa-3x\"><h3 class=\"font-513250 h4 fontspace-111509\">effective<\/h3><\/div><\/div><\/div><\/div><\/div><\/div><\/div><\/div><div class=\"wpb_column pos-top pos-center align_center column_child col-lg-4 col-md-33 single-internal-gutter\"><div class=\"uncol style-light\" ><div class=\"uncoltable\"><div class=\"uncell no-block-padding\" ><div class=\"uncont\"><div class=\"icon-box icon-box-top\" ><div class=\"icon-box-icon fa-container\"><span class=\"text-accent-color btn-disable-hover\"><i class=\"fa fa-user3 fa-3x fa-fw\"><\/i><\/span><\/div><div class=\"icon-box-content\"><div class=\"icon-box-heading icon-box-fa-3x\"><h3 class=\"font-513250 h4 fontspace-111509\">personal<\/h3><\/div><\/div><\/div><\/div><\/div><\/div><\/div><\/div><div class=\"wpb_column pos-top pos-center align_center column_child col-lg-4 col-md-33 single-internal-gutter\"><div class=\"uncol style-light\" ><div class=\"uncoltable\"><div class=\"uncell no-block-padding\" ><div class=\"uncont\"><div class=\"icon-box icon-box-top\" ><div class=\"icon-box-icon fa-container\"><span class=\"text-accent-color btn-disable-hover\"><i class=\"fa fa-star4 fa-3x fa-fw\"><\/i><\/span><\/div><div class=\"icon-box-content\"><div class=\"icon-box-heading icon-box-fa-3x\"><h3 class=\"font-513250 h4 fontspace-111509\">quality<\/h3><\/div><\/div><\/div><\/div><\/div><\/div><\/div><\/div><\/div><\/div><\/div><\/div><\/div><\/div><\/div><\/div><script id=\"script-row-unique-1\" data-row=\"script-row-unique-1\" type=\"text\/javascript\" class=\"vc_controls\">UNCODE.initRow(document.getElementById(\"row-unique-1\"));<\/script><\/div><\/div><\/div><div data-parent=\"true\" class=\"vc_row row-container\" id=\"row-unique-2\"><div class=\"row no-top-padding no-bottom-padding no-h-padding row-slider row-parent\" data-height-ratio=\"64\"><div class=\"owl-carousel-wrapper style-light\"><div class=\"uncode-slider owl-carousel-container owl-dots-inside owl-dots-align-center\"><div id=\"uslider_1621468452\" class=\"owl-carousel owl-element owl-dots-inside owl-height-forced\" data-loop=\"false\" data-autoheight=\"false\" data-nav=\"true\" data-dotsmobile=\"true\" data-dots=\"true\" data-navspeed=\"400\" data-autoplay=\"false\" data-lg=\"1\" data-md=\"1\" data-sm=\"1\" data-limit-width=\"false\"><div class=\"vc_row row-internal row-container with-parallax\"><div class=\"row-background background-element\">\n\t\t\t\t\t\t\t\t\t\t\t<div class=\"background-wrapper\">\n\t\t\t\t\t\t\t\t\t\t\t\t<div class=\"background-inner\" style=\"background-image: url(https:\/\/veteva.vet\/wp-content\/uploads\/2021\/01\/dog44.jpg);background-repeat: no-repeat;background-position: center center;background-size: cover;\"><\/div>\n\t\t\t\t\t\t\t\t\t\t\t\t\n\t\t\t\t\t\t\t\t\t\t\t<\/div>\n\t\t\t\t\t\t\t\t\t\t<\/div><div class=\"row quad-top-padding quad-bottom-padding single-h-padding row-child limit-width\"><div class=\"wpb_row row-inner\"><div class=\"wpb_column pos-middle pos-center align_center column_child col-lg-12 single-internal-gutter\"><div class=\"uncol style-dark animate_when_almost_visible alpha-anim\" ><div class=\"uncoltable\"><div class=\"uncell no-block-padding\" ><div class=\"uncont\"><\/div><\/div><\/div><\/div><\/div><\/div><\/div><\/div><\/div><div class=\"uncode_slider-dot_classes single-h-padding owl-dots-classes\"><\/div><\/div><\/div><script id=\"script-row-unique-2\" data-row=\"script-row-unique-2\" type=\"text\/javascript\" class=\"vc_controls\">UNCODE.initRow(document.getElementById(\"row-unique-2\"));<\/script><\/div><\/div><div data-parent=\"true\" class=\"vc_row row-container\" id=\"row-unique-3\"><div class=\"row quad-top-padding double-bottom-padding single-h-padding limit-width row-parent\"><div class=\"wpb_row row-inner\"><div class=\"wpb_column pos-top pos-center align_left column_parent col-lg-12 single-internal-gutter\"><div class=\"uncol style-light\"  ><div class=\"uncoltable\"><div class=\"uncell no-block-padding\" ><div class=\"uncont\"><div class=\"vc_row row-internal row-container\"><div class=\"row row-child\"><div class=\"wpb_row row-inner\"><div class=\"wpb_column pos-top pos-center align_center column_child col-lg-12 single-internal-gutter\"><div class=\"uncol style-light font-134980\" ><div class=\"uncoltable\"><div class=\"uncell no-block-padding\" ><div class=\"uncont\" style=\"max-width:696px;\"><div class=\"vc_custom_heading_wrap\"><div class=\"heading-text el-text\" ><h2 class=\"font-513250 h2 fontspace-111509 font-weight-900 text-color-482803-color\" ><span><span style=\"font-weight: 400;\">Founder of Veteva, Vet Eva<\/span><\/span><\/h2><hr class=\"separator-break separator-accent\" \/><\/div><div class=\"clear\"><\/div><\/div><\/div><\/div><\/div><\/div><\/div><\/div><\/div><\/div><div class=\"vc_row row-internal row-container\"><div class=\"row row-child\"><div class=\"wpb_row row-inner\"><div class=\"wpb_column pos-top pos-center align_center column_child col-lg-12 single-internal-gutter\"><div class=\"uncol style-light font-134980\" ><div class=\"uncoltable\"><div class=\"uncell no-block-padding\" ><div class=\"uncont\" style=\"max-width:996px;\"><div class=\"empty-space empty-single\" ><span class=\"empty-space-inner\"><\/span><\/div>\n<div class=\"uncode_text_column\" ><p class=\" translation-block\">I graduated as a veterinarian in 2008 and I have since worked in small animal practice. I have extensive experience in veterinary medicine. I have been working a lot on emergency duty, policlinics as well as appointment practice in a number of different clinics. My work experience provides a solid foundation for my high-quality implementation of remote veterinary work. In the field of veterinary medicine, my interests are general medicine and surgery. My passion is telemedicine and eHealth, for which I want to create new standards and operating models to be able to guarantee quality telemedicine for animal patients.<\/p>\n<p><em><span style=\"font-weight: 400;\">I am the first vet globally to have completed a special qualification in eHealth. The qualification is officially acknowledged by all three Finnish medical associations: medical, dental and veterinary.<\/span><\/em><\/p>\n<p><span style=\"font-weight: 400;\"><em>Olen maailman ainoa el\u00e4inl\u00e4\u00e4k\u00e4ri, jolle on my\u00f6nnetty <strong>Terveydenhuollon \u00a0tietotekniikan <a href=\"https:\/\/www.laakariliitto.fi\/palvelut\/koulutukset\/erityispatevyydet\/tietotekniikka\/\" target=\"_blank\" rel=\"noopener\">erityisp\u00e4tevyys<\/a>,<\/strong> vaativa e-terveyden jatkokoulutus, jonka hyv\u00e4ksyv\u00e4t sek\u00e4 Suomen L\u00e4\u00e4k\u00e4riliitto, Hammasl\u00e4\u00e4k\u00e4riliitto ett\u00e4 El\u00e4inl\u00e4\u00e4k\u00e4riliitto.<\/em><\/span><span style=\"font-weight: 400;\"><em>&#8221;<\/em><\/span><\/p>\n<p>&nbsp;<\/p>\n<p><strong>Vuonna 2023 Vetevassa ty\u00f6skentelee 22 el\u00e4inl\u00e4\u00e4k\u00e4ri\u00e4.<\/strong><\/p>\n<p><strong>El\u00e4inl\u00e4\u00e4k\u00e4rimme ovat p\u00e4tev\u00f6ityneet pienel\u00e4inl\u00e4\u00e4kinn\u00e4n saralla ja tiimimme el\u00e4inl\u00e4\u00e4k\u00e4reiden yhteenlasketut ty\u00f6vuodet el\u00e4inl\u00e4\u00e4kinn\u00e4ss\u00e4 ovat yli 250 vuotta!<\/strong><\/p>\n<\/div><\/div><\/div><\/div><\/div><\/div><\/div><\/div><\/div><div class=\"vc_row row-internal row-container\"><div class=\"row row-child\"><div class=\"wpb_row row-inner\"><div class=\"wpb_column pos-top pos-center align_left column_child col-lg-6 single-internal-gutter\"><div class=\"uncol style-light\" ><div class=\"uncoltable\"><div class=\"uncell no-block-padding\" ><div class=\"uncont\" style=\"max-width:83%;\"><div class=\"uncode-single-media  text-left animate_when_almost_visible alpha-anim\"><div class=\"single-wrapper\" style=\"max-width: 100%;\"><div class=\"tmb tmb-light  tmb-media-first tmb-media-last tmb-content-overlay tmb-no-bg\"><div class=\"t-inside\"><div class=\"t-entry-visual\"><div class=\"t-entry-visual-tc\"><div class=\"uncode-single-media-wrapper\"><img decoding=\"async\" class=\"wp-image-88160\" src=\"https:\/\/veteva.vet\/wp-content\/uploads\/2021\/01\/eva23.png\" width=\"542\" height=\"551\" alt=\"\" srcset=\"https:\/\/veteva.vet\/wp-content\/uploads\/2021\/01\/eva23.png 542w, https:\/\/veteva.vet\/wp-content\/uploads\/2021\/01\/eva23-295x300.png 295w\" sizes=\"(max-width: 542px) 100vw, 542px\" \/><\/div>\n\t\t\t\t\t<\/div>\n\t\t\t\t<\/div><\/div><\/div><\/div><\/div><\/div><\/div><\/div><\/div><\/div><div class=\"wpb_column pos-middle pos-center align_left column_child col-lg-6 single-internal-gutter\"><div class=\"uncol style-light\" ><div class=\"uncoltable\"><div class=\"uncell no-block-padding\" ><div class=\"uncont\"><\/div><\/div><\/div><\/div><\/div><\/div><\/div><\/div><\/div><\/div><\/div><\/div><\/div><script id=\"script-row-unique-3\" data-row=\"script-row-unique-3\" type=\"text\/javascript\" class=\"vc_controls\">UNCODE.initRow(document.getElementById(\"row-unique-3\"));<\/script><\/div><\/div><\/div><div data-parent=\"true\" class=\"vc_row style-color-lxmt-bg row-container\" id=\"row-unique-4\"><div class=\"row limit-width row-parent\"><div class=\"wpb_row row-inner\"><div class=\"wpb_column pos-top pos-center align_center column_parent col-lg-12 single-internal-gutter\"><div class=\"uncol style-light\"  ><div class=\"uncoltable\"><div class=\"uncell no-block-padding\" ><div class=\"uncont\"><div class=\"empty-space empty-double\" ><span class=\"empty-space-inner\"><\/span><\/div>\n<div class=\"vc_row row-internal row-container\"><div class=\"row row-child\"><div class=\"wpb_row row-inner\"><div class=\"wpb_column pos-top pos-center align_left column_child col-lg-6 single-internal-gutter\"><div class=\"uncol style-light\" ><div class=\"uncoltable\"><div class=\"uncell no-block-padding\" ><div class=\"uncont\" style=\"max-width:91%;\"><div class=\"uncode-single-media  text-left animate_when_almost_visible alpha-anim\"><div class=\"single-wrapper\" style=\"max-width: 100%;\"><div class=\"tmb tmb-light  tmb-media-first tmb-media-last tmb-content-overlay tmb-no-bg\"><div class=\"t-inside\"><div class=\"t-entry-visual\"><div class=\"t-entry-visual-tc\"><div class=\"uncode-single-media-wrapper\"><img decoding=\"async\" class=\"wp-image-88129\" src=\"https:\/\/veteva.vet\/wp-content\/uploads\/2021\/01\/ci3.png\" width=\"1097\" height=\"1051\" alt=\"\" srcset=\"https:\/\/veteva.vet\/wp-content\/uploads\/2021\/01\/ci3.png 1097w, https:\/\/veteva.vet\/wp-content\/uploads\/2021\/01\/ci3-300x287.png 300w, https:\/\/veteva.vet\/wp-content\/uploads\/2021\/01\/ci3-1024x981.png 1024w, https:\/\/veteva.vet\/wp-content\/uploads\/2021\/01\/ci3-768x736.png 768w\" sizes=\"(max-width: 1097px) 100vw, 1097px\" \/><\/div>\n\t\t\t\t\t<\/div>\n\t\t\t\t<\/div><\/div><\/div><\/div><\/div><\/div><\/div><\/div><\/div><\/div><div class=\"wpb_column pos-middle pos-center align_left column_child col-lg-6 single-internal-gutter\"><div class=\"uncol style-light\" ><div class=\"uncoltable\"><div class=\"uncell no-block-padding\" ><div class=\"uncont\"><div class=\"vc_custom_heading_wrap\"><div class=\"heading-text el-text\" ><h2 class=\"font-513250 h2 fontspace-111509 font-weight-900 text-color-482803-color\" ><span>Our vision<\/span><\/h2><hr class=\"separator-break separator-accent\" \/><\/div><div class=\"clear\"><\/div><\/div><div class=\"uncode_text_column\" ><\/p>\n<ul>\n<li style=\"font-weight: 400;\" aria-level=\"1\"><span style=\"font-weight: 400;\">Provide the best possible service to pet owners<\/span><\/li>\n<li style=\"font-weight: 400;\" aria-level=\"1\"><span style=\"font-weight: 400;\">Develop the televeterinary sector in a new and better direction<\/span><\/li>\n<li style=\"font-weight: 400;\" aria-level=\"1\"><span style=\"font-weight: 400;\">Establish better standards and practices for telemedicine<\/span><\/li>\n<li style=\"font-weight: 400;\" aria-level=\"1\"><span style=\"font-weight: 400;\">Make telemedicine effective and efficient<\/span><\/li>\n<li style=\"font-weight: 400;\" aria-level=\"1\"><span style=\"font-weight: 400;\">Create policies that will enable excellent care<\/span><\/li>\n<li style=\"font-weight: 400;\" aria-level=\"1\"><span style=\"font-weight: 400;\">Be the leading provider of telemedicine services<\/span><\/li>\n<\/ul>\n<p>\n<\/div><\/div><\/div><\/div><\/div><\/div><\/div><\/div><\/div><div class=\"empty-space empty-double\" ><span class=\"empty-space-inner\"><\/span><\/div>\n<\/div><\/div><\/div><\/div><\/div><script id=\"script-row-unique-4\" data-row=\"script-row-unique-4\" type=\"text\/javascript\" class=\"vc_controls\">UNCODE.initRow(document.getElementById(\"row-unique-4\"));<\/script><\/div><\/div><\/div>","protected":false},"excerpt":{"rendered":"MissiommeHaluamme tarjota erinomaisia et\u00e4el\u00e4inl\u00e4\u00e4kint\u00e4palveluja kaikille kuluttajille. Tarjoamamme palvelu on: helppok\u00e4ytt\u00f6ist\u00e4edullistanopeaatehokastayksil\u00f6llist\u00e4laadukasta Vetevan perustaja, Vet Eva \u201dOlen valmistunut el\u00e4inl\u00e4\u00e4k\u00e4riksi 2008 ja tehnyt [...]","protected":false},"author":2,"featured_media":0,"parent":0,"menu_order":0,"comment_status":"open","ping_status":"closed","template":"","meta":{"_mi_skip_tracking":false,"_monsterinsights_sitenote_active":false,"_monsterinsights_sitenote_note":"","_monsterinsights_sitenote_category":0},"yoast_head":"<!-- This site is optimized with the Yoast SEO plugin v20.8 - https:\/\/yoast.com\/wordpress\/plugins\/seo\/ -->\n<title>Meist\u00e4 - Veteva Oy<\/title>\n<meta name=\"robots\" content=\"index, follow, max-snippet:-1, max-image-preview:large, max-video-preview:-1\" \/>\n<link rel=\"canonical\" href=\"https:\/\/veteva.vet\/en\/meista\/\" \/>\n<meta property=\"og:locale\" content=\"en_GB\" \/>\n<meta property=\"og:type\" content=\"article\" \/>\n<meta property=\"og:title\" content=\"Meist\u00e4 - Veteva Oy\" \/>\n<meta property=\"og:url\" content=\"https:\/\/veteva.vet\/en\/meista\/\" \/>\n<meta property=\"og:site_name\" content=\"Veteva Oy\" \/>\n<meta property=\"article:modified_time\" content=\"2023-03-03T13:53:14+00:00\" \/>\n<meta name=\"twitter:card\" content=\"summary_large_image\" \/>\n<meta name=\"twitter:label1\" content=\"Estimated reading time\" \/>\n\t<meta name=\"twitter:data1\" content=\"3 minutes\" \/>\n<script type=\"application\/ld+json\" class=\"yoast-schema-graph\">{\"@context\":\"https:\/\/schema.org\",\"@graph\":[{\"@type\":\"WebPage\",\"@id\":\"https:\/\/veteva.vet\/meista\/\",\"url\":\"https:\/\/veteva.vet\/meista\/\",\"name\":\"Meist\u00e4 - Veteva Oy\",\"isPartOf\":{\"@id\":\"https:\/\/veteva.vet\/#website\"},\"datePublished\":\"2014-12-11T16:50:51+00:00\",\"dateModified\":\"2023-03-03T13:53:14+00:00\",\"breadcrumb\":{\"@id\":\"https:\/\/veteva.vet\/meista\/#breadcrumb\"},\"inLanguage\":\"en-GB\",\"potentialAction\":[{\"@type\":\"ReadAction\",\"target\":[\"https:\/\/veteva.vet\/meista\/\"]}]},{\"@type\":\"BreadcrumbList\",\"@id\":\"https:\/\/veteva.vet\/meista\/#breadcrumb\",\"itemListElement\":[{\"@type\":\"ListItem\",\"position\":1,\"name\":\"Home\",\"item\":\"https:\/\/veteva.vet\/\"},{\"@type\":\"ListItem\",\"position\":2,\"name\":\"Meist\u00e4\"}]},{\"@type\":\"WebSite\",\"@id\":\"https:\/\/veteva.vet\/#website\",\"url\":\"https:\/\/veteva.vet\/\",\"name\":\"Veteva Oy\",\"description\":\"El&auml;inl&auml;&auml;k&auml;ri aina l&auml;hell&auml;\",\"potentialAction\":[{\"@type\":\"SearchAction\",\"target\":{\"@type\":\"EntryPoint\",\"urlTemplate\":\"https:\/\/veteva.vet\/?s={search_term_string}\"},\"query-input\":\"required name=search_term_string\"}],\"inLanguage\":\"en-GB\"}]}<\/script>\n<!-- \/ Yoast SEO plugin. -->","yoast_head_json":{"title":"Meist\u00e4 - Veteva Oy","robots":{"index":"index","follow":"follow","max-snippet":"max-snippet:-1","max-image-preview":"max-image-preview:large","max-video-preview":"max-video-preview:-1"},"canonical":"https:\/\/veteva.vet\/en\/meista\/","og_locale":"en_GB","og_type":"article","og_title":"Meist\u00e4 - Veteva Oy","og_url":"https:\/\/veteva.vet\/en\/meista\/","og_site_name":"Veteva Oy","article_modified_time":"2023-03-03T13:53:14+00:00","twitter_card":"summary_large_image","twitter_misc":{"Estimated reading time":"3 minutes"},"schema":{"@context":"https:\/\/schema.org","@graph":[{"@type":"WebPage","@id":"https:\/\/veteva.vet\/meista\/","url":"https:\/\/veteva.vet\/meista\/","name":"Meist\u00e4 - Veteva Oy","isPartOf":{"@id":"https:\/\/veteva.vet\/#website"},"datePublished":"2014-12-11T16:50:51+00:00","dateModified":"2023-03-03T13:53:14+00:00","breadcrumb":{"@id":"https:\/\/veteva.vet\/meista\/#breadcrumb"},"inLanguage":"en-GB","potentialAction":[{"@type":"ReadAction","target":["https:\/\/veteva.vet\/meista\/"]}]},{"@type":"BreadcrumbList","@id":"https:\/\/veteva.vet\/meista\/#breadcrumb","itemListElement":[{"@type":"ListItem","position":1,"name":"Home","item":"https:\/\/veteva.vet\/"},{"@type":"ListItem","position":2,"name":"Meist\u00e4"}]},{"@type":"WebSite","@id":"https:\/\/veteva.vet\/#website","url":"https:\/\/veteva.vet\/","name":"Veteva Oy","description":"El&auml;inl&auml;&auml;k&auml;ri aina l&auml;hell&auml;","potentialAction":[{"@type":"SearchAction","target":{"@type":"EntryPoint","urlTemplate":"https:\/\/veteva.vet\/?s={search_term_string}"},"query-input":"required name=search_term_string"}],"inLanguage":"en-GB"}]}},"_links":{"self":[{"href":"https:\/\/veteva.vet\/en\/wp-json\/wp\/v2\/pages\/3541"}],"collection":[{"href":"https:\/\/veteva.vet\/en\/wp-json\/wp\/v2\/pages"}],"about":[{"href":"https:\/\/veteva.vet\/en\/wp-json\/wp\/v2\/types\/page"}],"author":[{"embeddable":true,"href":"https:\/\/veteva.vet\/en\/wp-json\/wp\/v2\/users\/2"}],"replies":[{"embeddable":true,"href":"https:\/\/veteva.vet\/en\/wp-json\/wp\/v2\/comments?post=3541"}],"version-history":[{"count":61,"href":"https:\/\/veteva.vet\/en\/wp-json\/wp\/v2\/pages\/3541\/revisions"}],"predecessor-version":[{"id":88728,"href":"https:\/\/veteva.vet\/en\/wp-json\/wp\/v2\/pages\/3541\/revisions\/88728"}],"wp:attachment":[{"href":"https:\/\/veteva.vet\/en\/wp-json\/wp\/v2\/media?parent=3541"}],"curies":[{"name":"wp","href":"https:\/\/api.w.org\/{rel}","templated":true}]}}