{"id":88332,"date":"2021-01-23T14:29:18","date_gmt":"2021-01-23T14:29:18","guid":{"rendered":"https:\/\/veteva.vet\/?page_id=88332"},"modified":"2022-09-19T12:38:32","modified_gmt":"2022-09-19T12:38:32","slug":"toimitus-ja-maksuehdot","status":"publish","type":"page","link":"https:\/\/veteva.vet\/en\/toimitus-ja-maksuehdot\/","title":{"rendered":"Terms of delivery &amp; payment"},"content":{"rendered":"<div data-parent=\"true\" class=\"vc_row row-container\" id=\"row-unique-0\"><div class=\"row no-top-padding no-bottom-padding no-h-padding row-slider row-parent\" data-height-ratio=\"64\"><div class=\"owl-carousel-wrapper style-light\"><div class=\"uncode-slider owl-carousel-container owl-dots-inside owl-dots-align-center\"><div id=\"uslider_1443902747\" class=\"owl-carousel owl-element owl-dots-inside owl-height-forced\" data-loop=\"false\" data-autoheight=\"false\" data-nav=\"true\" data-dotsmobile=\"true\" data-dots=\"true\" data-navspeed=\"400\" data-autoplay=\"false\" data-lg=\"1\" data-md=\"1\" data-sm=\"1\" data-limit-width=\"false\"><div class=\"vc_row row-internal row-container with-kburns with-parallax\"><div class=\"row-background background-element\">\n\t\t\t\t\t\t\t\t\t\t\t<div class=\"background-wrapper\">\n\t\t\t\t\t\t\t\t\t\t\t\t<div class=\"background-inner\" style=\"background-image: url(https:\/\/veteva.vet\/wp-content\/uploads\/2021\/01\/dog44.jpg);background-repeat: no-repeat;background-position: center center;background-size: cover;\"><\/div>\n\t\t\t\t\t\t\t\t\t\t\t\t\n\t\t\t\t\t\t\t\t\t\t\t<\/div>\n\t\t\t\t\t\t\t\t\t\t<\/div><div class=\"row quad-top-padding quad-bottom-padding single-h-padding row-child limit-width\"><div class=\"wpb_row row-inner\"><div class=\"wpb_column pos-middle pos-center align_center column_child col-lg-12 single-internal-gutter\"><div class=\"uncol style-dark animate_when_almost_visible alpha-anim\" ><div class=\"uncoltable\"><div class=\"uncell no-block-padding\" ><div class=\"uncont\"><\/div><\/div><\/div><\/div><\/div><\/div><\/div><\/div><\/div><div class=\"uncode_slider-dot_classes single-h-padding owl-dots-classes\"><\/div><\/div><\/div><script id=\"script-row-unique-0\" data-row=\"script-row-unique-0\" type=\"text\/javascript\" class=\"vc_controls\">UNCODE.initRow(document.getElementById(\"row-unique-0\"));<\/script><\/div><\/div><div data-parent=\"true\" class=\"vc_row style-color-xsdn-bg row-container\" id=\"row-unique-1\"><div class=\"row quad-top-padding quad-bottom-padding single-h-padding limit-width row-parent\"><div class=\"wpb_row row-inner\"><div class=\"wpb_column pos-top pos-left align_left column_parent col-lg-12 double-internal-gutter\"><div class=\"uncol style-light\"  ><div class=\"uncoltable\"><div class=\"uncell no-block-padding\" ><div class=\"uncont\"><div class=\"vc_row row-internal row-container\"><div class=\"row row-child\"><div class=\"wpb_row row-inner\"><div class=\"wpb_column pos-top pos-center align_left column_child col-lg-12 single-internal-gutter\"><div class=\"uncol style-light\" ><div class=\"uncoltable\"><div class=\"uncell no-block-padding\" ><div class=\"uncont\"><div class=\"vc_custom_heading_wrap\"><div class=\"heading-text el-text\" ><h2 class=\"h2 font-weight-900 text-color-482803-color\" ><span><b>Toimitus- ja maksuehdot Veteva Oy<\/b><\/span><\/h2><hr class=\"separator-break separator-accent\" \/><\/div><div class=\"clear\"><\/div><\/div><div class=\"uncode_text_column\" ><p><b>Toimitusehdot<\/b><\/p>\n<p>&nbsp;<\/p>\n<p><span style=\"font-weight: 400;\">Veteva Oy y-tunnus 3005917-7 myy et\u00e4el\u00e4inl\u00e4\u00e4k\u00e4rik\u00e4yntej\u00e4 yksityishenkil\u00f6ille Suomeen. Pid\u00e4t\u00e4mme oikeuden toimitusehtojen ja hintojen muutoksiin. Tuotteiden hinnat sis\u00e4lt\u00e4v\u00e4t arvonlis\u00e4veron.<\/span><\/p>\n<p>&nbsp;<\/p>\n<p><span style=\"font-weight: 400;\">Verkkokaupan yhteystiedot<\/span><\/p>\n<p>&nbsp;<\/p>\n<p><span style=\"font-weight: 400;\">S\u00e4hk\u00f6posti: <\/span><a href=\"mailto:asiakaspalvelu@veteva.vet\"><span style=\"font-weight: 400;\">asiakaspalvelu@veteva.vet<\/span><\/a><\/p>\n<p><span style=\"font-weight: 400;\">Puhelin: 0452512505<\/span><\/p>\n<p><span style=\"font-weight: 400;\">Postiosoite: Veteva Oy, PL 122, 02101 Espoo<\/span><\/p>\n<p>&nbsp;<\/p>\n<p><b>Tilaaminen<\/b><\/p>\n<p>&nbsp;<\/p>\n<p><span style=\"font-weight: 400;\">Tilattavat tuotteet valitaan kotisivuilla lis\u00e4\u00e4m\u00e4ll\u00e4 ne ostoskoriin. Tilaus l\u00e4hetet\u00e4\u00e4n maksamalla ostoskorin sis\u00e4lt\u00f6 verkkokaupan kassatoiminnossa. Tehdess\u00e4si tilauksen hyv\u00e4ksyt n\u00e4m\u00e4 toimitus- ja maksuehdot sek\u00e4 tuotteiden hinnat.<\/span><\/p>\n<p>&nbsp;<\/p>\n<p><span style=\"font-weight: 400;\">Asiakas sitoutuu k\u00e4ytt\u00e4m\u00e4\u00e4n Veteva Oy:n tarjoamia et\u00e4el\u00e4inl\u00e4\u00e4k\u00e4ripalveluja lemmikin terveysvaivojen selvitt\u00e4miseen sek\u00e4 hoitamiseen. Palvelua ei saa k\u00e4ytt\u00e4\u00e4 kaupalliseen tarkoitukseen. Palvelua ei saa k\u00e4ytt\u00e4\u00e4 haittaohjelmien tai ep\u00e4ilytt\u00e4v\u00e4n materiaalin levitt\u00e4miseen tai muutoin lainvastaisesti.<\/span><\/p>\n<p><span style=\"font-weight: 400;\">Asiakas vastaa antamistaan tiedoista.<\/span><\/p>\n<p><span style=\"font-weight: 400;\">Asiakas ymm\u00e4rt\u00e4\u00e4, ett\u00e4 h\u00e4nen antamansa tai saamansa tieto et\u00e4el\u00e4inl\u00e4\u00e4k\u00e4ripalvelussa ei t\u00e4ysin korvaa ammattihenkil\u00f6n fyysisell\u00e4 vastaanotolla, mittauksella tai tutkimuksella antamaa tai saamaa tietoa.<\/span><\/p>\n<p><span style=\"font-weight: 400;\">Et\u00e4el\u00e4inl\u00e4\u00e4k\u00e4rit tekev\u00e4t parhaansa hoitaakseen potilaat heille suotujen mahdollisuuksien mukaisesti, ilman fyysist\u00e4 tutkimusmahdollisuutta ja diagnostiikkaa.<\/span><\/p>\n<p><span style=\"font-weight: 400;\">Et\u00e4el\u00e4inl\u00e4\u00e4k\u00e4rit pyrkiv\u00e4t neuvomaan Asiakasta miss\u00e4 tilanteessa potilaan hoito on mahdollinen kotihoito-ohjeiden avulla ja miss\u00e4 tilanteessa heid\u00e4n tulee hakeutua fyysiselle klinikalle.<\/span><\/p>\n<p><span style=\"font-weight: 400;\">Et\u00e4el\u00e4inl\u00e4\u00e4k\u00e4rit eiv\u00e4t vastaa potilaan piilevist\u00e4 sairauksista tai vioista, jotka tulevat akuuteiksi et\u00e4el\u00e4inl\u00e4\u00e4k\u00e4rikonsultaation aikana tai sen j\u00e4lkeen. Et\u00e4el\u00e4inl\u00e4\u00e4k\u00e4rit eiv\u00e4t vastaa siit\u00e4, jos potilaan tilan huononee, eik\u00e4 potilasta vied\u00e4 fyysisesti el\u00e4inl\u00e4\u00e4k\u00e4riasemalle.<\/span><\/p>\n<p><span style=\"font-weight: 400;\">Et\u00e4el\u00e4inl\u00e4\u00e4k\u00e4rit eiv\u00e4t vastaa siit\u00e4, jos Asiakas ei noudata saamiaan hoito-ohjeita tai saamiaan tuotesuosituksia.<\/span><\/p>\n<p>&nbsp;<\/p>\n<p><span style=\"font-weight: 400;\">Veteva Oy ei ole vastuussa palvelun toimituksen estymisest\u00e4 tai viiv\u00e4stymisest\u00e4, jos se johtuu ylivoimaisesta esteest\u00e4, kuten<\/span> <span style=\"font-weight: 400;\">toimipisteen tulvasta tai tulipalosta, ty\u00f6teht\u00e4vien suorittamiseen vaikuttavasta lakosta,<\/span> <span style=\"font-weight: 400;\">vastaavan tai vastaanottavan el\u00e4inl\u00e4\u00e4k\u00e4rin \u00e4killisest\u00e4 sairastumisesta ja mahdottomuudesta saada<\/span> <span style=\"font-weight: 400;\">korvaavaa henkil\u00f6\u00e4 tilalle teht\u00e4v\u00e4n suorittamiseen, ongelmasta tietoliikenteess\u00e4,<\/span><span style=\"font-weight: 400;\"><br \/>\n<\/span><span style=\"font-weight: 400;\">tietoj\u00e4rjestelmiss\u00e4 tai s\u00e4hk\u00f6njakelussa tai muusta vakavasta esteest\u00e4, jota Veteva Oy ei voi kohtuudella poistaa.<\/span><\/p>\n<p>&nbsp;<\/p>\n<p><b>Peruutusohjeet, viiv\u00e4stykset ja reklamaatiot<\/b><\/p>\n<p>&nbsp;<\/p>\n<p><span style=\"font-weight: 400;\">Et\u00e4el\u00e4inl\u00e4\u00e4k\u00e4rille ei varata aikoja, vaan el\u00e4inl\u00e4\u00e4k\u00e4rikonsultaatio alkaa l\u00e4hes v\u00e4litt\u00f6m\u00e4sti maksun ja esitietojen t\u00e4ytt\u00e4misen j\u00e4lkeen. N\u00e4in ollen ei peruuttaminen ole mahdollista.<\/span><\/p>\n<p><span style=\"font-weight: 400;\">Jos maksettu aika halutaan perua, kun asiakas on jo potilasjonossa, tulee t\u00e4st\u00e4 toiveesta informoida v\u00e4litt\u00f6m\u00e4sti el\u00e4inl\u00e4\u00e4k\u00e4ri\u00e4, kun h\u00e4n on ottanut chatin vastaan. El\u00e4inl\u00e4\u00e4k\u00e4ri ei t\u00e4ll\u00f6in konsultoi asiakasta, vaan lopettaa palvelun antamatta el\u00e4inl\u00e4\u00e4ketieteellisi\u00e4 neuvoja. Asiakkaan tulee maksun peruutuksen sek\u00e4 palautuksen tiimoilta olla yhteydess\u00e4 <\/span><a href=\"mailto:asiakaspalvelu@veteva.vet\"><span style=\"font-weight: 400;\">asiakaspalvelu@veteva.vet<\/span><\/a><\/p>\n<p>&nbsp;<\/p>\n<p><span style=\"font-weight: 400;\">Erimielisyydet ja reklamaatiot pyyd\u00e4mme osoittamaan kirjallisesti s\u00e4hk\u00f6postitse osoitteeseen<\/span><span style=\"font-weight: 400;\"><br \/>\n<\/span><a href=\"mailto:asiakaspalvelu@veteva.vet\"><span style=\"font-weight: 400;\">asiakaspalvelu@veteva.vet<\/span><\/a><span style=\"font-weight: 400;\"> 24 tunnin sis\u00e4ll\u00e4 tyytym\u00e4tt\u00f6myytt\u00e4 aiheuttaneen tapahtuman p\u00e4\u00e4ttymisest\u00e4.<\/span><span style=\"font-weight: 400;\"><br \/>\n<\/span><span style=\"font-weight: 400;\">Pyrimme hoitamaan asiat Veteva Oy:n ja asiakkaan v\u00e4lill\u00e4 mahdollisimman nopeasti ja helposti.<\/span><span style=\"font-weight: 400;\"><br \/>\n<\/span><span style=\"font-weight: 400;\">Veteva Oy ei ota vastuuta muiden, kolmansien osapuolien kustannuksista tai virheist\u00e4, tai v\u00e4lillisist\u00e4<\/span> <span style=\"font-weight: 400;\">vahingoista.<\/span><\/p>\n<p>&nbsp;<\/p>\n<p>&nbsp;<\/p>\n<p><b>Maksaminen<\/b><\/p>\n<p>&nbsp;<\/p>\n<p><span style=\"font-weight: 400;\">Verkkokaupan maksuv\u00e4litt\u00e4j\u00e4n\u00e4 toimii Visma Pay (Paybyway Oy, y-tunnus 2486559-4), joka on rekister\u00f6ity Finanssivalvonnan yll\u00e4pit\u00e4m\u00e4\u00e4n maksulaitosrekisteriin. Maksamiseen siirryt\u00e4\u00e4n Visma Payn verkkopalvelun kautta ja tiliotteella ja laskulla maksun saajana n\u00e4kyy Visma Pay tai Paybyway Oy. Visma Pay v\u00e4litt\u00e4\u00e4 maksut Veteva Oy:lle. Maksaminen on turvallista, sill\u00e4 kaikki maksutapahtumaa koskevat tiedot v\u00e4litet\u00e4\u00e4n salattua yhteytt\u00e4 k\u00e4ytt\u00e4en niin ettei kukaan ulkopuolinen taho n\u00e4e maksutapahtuman tietoja.<\/span><\/p>\n<p>&nbsp;<\/p>\n<p><span style=\"font-weight: 400;\">Lue lis\u00e4\u00e4 Visma Paysta: https:\/\/www.visma.fi\/vismapay\/<\/span><\/p>\n<p>&nbsp;<\/p>\n<p><span style=\"font-weight: 400;\">Maksutavat<\/span><\/p>\n<p><img decoding=\"async\" src=\"https:\/\/static.vismapay.com\/pay_banners\/row.png\" \/><\/p>\n<p><span style=\"font-weight: 400;\">Visma Pay -palvelun kautta voit maksaa verkkopankkitunnuksilla, lompakolla, maksukorteilla (credit\/debit), laskulla tai osamaksulla. K\u00e4ytett\u00e4viss\u00e4 ovat seuraavat maksutavat: Osuuspankki, Nordea, Danske Bank, Oma S\u00e4\u00e4st\u00f6pankki, S\u00e4\u00e4st\u00f6pankki, Aktia, Paikallisosuuspankit, S-Pankki, Handelsbanken, \u00c5landsbanken, MobilePay, Masterpass, Pivo, Visa-, Visa Debit-, Visa Electron-, MasterCard- ja Debit MasterCard -kortit, sek\u00e4 Jousto ja Enterpay Lasku yritykselle.<\/span><\/p>\n<p>&nbsp;<\/p>\n<p><span style=\"font-weight: 400;\">MobilePay: Voit maksaa MobilePay-lompakollasi mik\u00e4li olet sallinut verkkokaupoissa maksamisen sovelluksen asetuksista. MobilePay-lompakolla suoritetut maksut veloitetaan lompakkoon liitetylt\u00e4 maksukortilta. Mik\u00e4li maksun veloittaminen maksukortilta ep\u00e4onnistuu, MobilePay-lompakolla maksaminen ei ole mahdollista verkkokaupassa.<\/span><\/p>\n<p>&nbsp;<\/p>\n<p><span style=\"font-weight: 400;\">Pivo: K\u00e4ytt\u00f6ehdot ovat tarjolla Pivon sivuilla: https:\/\/pivo.fi\/kayttoehdot\/pivon-kayttoehdot\/<\/span><\/p>\n<p>&nbsp;<\/p>\n<p><span style=\"font-weight: 400;\">Jousto lasku ja osamaksu on kotimainen palvelu, jolla teet ostoksesi nopeasti ja turvallisesti. Jousto on tarkoitettu yksityishenkil\u00f6ille, jotka ovat hoitaneet raha-asiansa moitteettomasti. Joustolla saat 30 vuorokautta korotonta ja kulutonta maksuaikaa. Laskun saatuasi voit p\u00e4\u00e4tt\u00e4\u00e4 maksatko sen kokonaan vai osissa. Osamaksulla voit maksaa ostoksesi jopa 36:ssa er\u00e4ss\u00e4, alkaen 9,90 eur\/kk. Jousto osamaksun kustannukset ovat 3,90 eur\/kk ja 19,90%:n luottokorko. Voit maksaa Joustolla 30\u20133000 euron ostoksia. Luotonmy\u00f6nt\u00e4j\u00e4n\u00e4 toimii Aurajoki Nordic Oy. Lue lis\u00e4\u00e4 Joustosta osoitteessa www.jousto.com.<\/span><\/p>\n<p><span style=\"font-weight: 400;\">\u00a0<\/span><\/p>\n<p><span style=\"font-weight: 400;\">Visma Pay -maksupalvelun yhteystiedot<\/span><\/p>\n<p>&nbsp;<\/p>\n<p><span style=\"font-weight: 400;\">Visma Pay, Paybyway Oy (Y-tunnus 2486559-4)<\/span><\/p>\n<p><span style=\"font-weight: 400;\">S\u00e4hk\u00f6posti: helpdesk@vismapay.com<\/span><\/p>\n<p><span style=\"font-weight: 400;\">Puhelin: 09 315 42 037 (arkisin klo 9-17)<\/span><\/p>\n<p><span style=\"font-weight: 400;\">Postiosoite: Laserkatu 6, 53850 Lappeenranta<\/span><\/p>\n<\/div><\/div><\/div><\/div><\/div><\/div><\/div><\/div><\/div><\/div><\/div><\/div><\/div><\/div><script id=\"script-row-unique-1\" data-row=\"script-row-unique-1\" type=\"text\/javascript\" class=\"vc_controls\">UNCODE.initRow(document.getElementById(\"row-unique-1\"));<\/script><\/div><\/div><\/div>","protected":false},"excerpt":{"rendered":"Toimitus- ja maksuehdot Veteva OyToimitusehdot &nbsp; Veteva Oy y-tunnus 3005917-7 myy et\u00e4el\u00e4inl\u00e4\u00e4k\u00e4rik\u00e4yntej\u00e4 yksityishenkil\u00f6ille Suomeen. Pid\u00e4t\u00e4mme oikeuden toimitusehtojen ja hintojen muutoksiin. [...]","protected":false},"author":2,"featured_media":0,"parent":0,"menu_order":0,"comment_status":"open","ping_status":"closed","template":"","meta":{"_mi_skip_tracking":false,"_monsterinsights_sitenote_active":false,"_monsterinsights_sitenote_note":"","_monsterinsights_sitenote_category":0},"yoast_head":"<!-- This site is optimized with the Yoast SEO plugin v20.8 - https:\/\/yoast.com\/wordpress\/plugins\/seo\/ -->\n<title>Toimitus- ja maksuehdot - Veteva Oy<\/title>\n<meta name=\"robots\" content=\"index, follow, max-snippet:-1, max-image-preview:large, max-video-preview:-1\" \/>\n<link rel=\"canonical\" href=\"https:\/\/veteva.vet\/en\/toimitus-ja-maksuehdot\/\" \/>\n<meta property=\"og:locale\" content=\"en_GB\" \/>\n<meta property=\"og:type\" content=\"article\" \/>\n<meta property=\"og:title\" content=\"Toimitus- ja maksuehdot - Veteva Oy\" \/>\n<meta property=\"og:url\" content=\"https:\/\/veteva.vet\/en\/toimitus-ja-maksuehdot\/\" \/>\n<meta property=\"og:site_name\" content=\"Veteva Oy\" \/>\n<meta property=\"article:modified_time\" content=\"2022-09-19T12:38:32+00:00\" \/>\n<meta property=\"og:image\" content=\"https:\/\/static.vismapay.com\/pay_banners\/row.png\" \/>\n<meta name=\"twitter:card\" content=\"summary_large_image\" \/>\n<meta name=\"twitter:label1\" content=\"Estimated reading time\" \/>\n\t<meta name=\"twitter:data1\" content=\"4 minutes\" \/>\n<script type=\"application\/ld+json\" class=\"yoast-schema-graph\">{\"@context\":\"https:\/\/schema.org\",\"@graph\":[{\"@type\":\"WebPage\",\"@id\":\"https:\/\/veteva.vet\/en\/toimitus-ja-maksuehdot\/\",\"url\":\"https:\/\/veteva.vet\/en\/toimitus-ja-maksuehdot\/\",\"name\":\"Toimitus- ja maksuehdot - Veteva Oy\",\"isPartOf\":{\"@id\":\"https:\/\/veteva.vet\/#website\"},\"datePublished\":\"2021-01-23T14:29:18+00:00\",\"dateModified\":\"2022-09-19T12:38:32+00:00\",\"breadcrumb\":{\"@id\":\"https:\/\/veteva.vet\/en\/toimitus-ja-maksuehdot\/#breadcrumb\"},\"inLanguage\":\"en-GB\",\"potentialAction\":[{\"@type\":\"ReadAction\",\"target\":[\"https:\/\/veteva.vet\/en\/toimitus-ja-maksuehdot\/\"]}]},{\"@type\":\"BreadcrumbList\",\"@id\":\"https:\/\/veteva.vet\/en\/toimitus-ja-maksuehdot\/#breadcrumb\",\"itemListElement\":[{\"@type\":\"ListItem\",\"position\":1,\"name\":\"Home\",\"item\":\"https:\/\/veteva.vet\/\"},{\"@type\":\"ListItem\",\"position\":2,\"name\":\"Toimitus- ja maksuehdot\"}]},{\"@type\":\"WebSite\",\"@id\":\"https:\/\/veteva.vet\/#website\",\"url\":\"https:\/\/veteva.vet\/\",\"name\":\"Veteva Oy\",\"description\":\"El&auml;inl&auml;&auml;k&auml;ri aina l&auml;hell&auml;\",\"potentialAction\":[{\"@type\":\"SearchAction\",\"target\":{\"@type\":\"EntryPoint\",\"urlTemplate\":\"https:\/\/veteva.vet\/?s={search_term_string}\"},\"query-input\":\"required name=search_term_string\"}],\"inLanguage\":\"en-GB\"}]}<\/script>\n<!-- \/ Yoast SEO plugin. -->","yoast_head_json":{"title":"Toimitus- ja maksuehdot - Veteva Oy","robots":{"index":"index","follow":"follow","max-snippet":"max-snippet:-1","max-image-preview":"max-image-preview:large","max-video-preview":"max-video-preview:-1"},"canonical":"https:\/\/veteva.vet\/en\/toimitus-ja-maksuehdot\/","og_locale":"en_GB","og_type":"article","og_title":"Toimitus- ja maksuehdot - Veteva Oy","og_url":"https:\/\/veteva.vet\/en\/toimitus-ja-maksuehdot\/","og_site_name":"Veteva Oy","article_modified_time":"2022-09-19T12:38:32+00:00","og_image":[{"url":"https:\/\/static.vismapay.com\/pay_banners\/row.png"}],"twitter_card":"summary_large_image","twitter_misc":{"Estimated reading time":"4 minutes"},"schema":{"@context":"https:\/\/schema.org","@graph":[{"@type":"WebPage","@id":"https:\/\/veteva.vet\/en\/toimitus-ja-maksuehdot\/","url":"https:\/\/veteva.vet\/en\/toimitus-ja-maksuehdot\/","name":"Toimitus- ja maksuehdot - Veteva Oy","isPartOf":{"@id":"https:\/\/veteva.vet\/#website"},"datePublished":"2021-01-23T14:29:18+00:00","dateModified":"2022-09-19T12:38:32+00:00","breadcrumb":{"@id":"https:\/\/veteva.vet\/en\/toimitus-ja-maksuehdot\/#breadcrumb"},"inLanguage":"en-GB","potentialAction":[{"@type":"ReadAction","target":["https:\/\/veteva.vet\/en\/toimitus-ja-maksuehdot\/"]}]},{"@type":"BreadcrumbList","@id":"https:\/\/veteva.vet\/en\/toimitus-ja-maksuehdot\/#breadcrumb","itemListElement":[{"@type":"ListItem","position":1,"name":"Home","item":"https:\/\/veteva.vet\/"},{"@type":"ListItem","position":2,"name":"Toimitus- ja maksuehdot"}]},{"@type":"WebSite","@id":"https:\/\/veteva.vet\/#website","url":"https:\/\/veteva.vet\/","name":"Veteva Oy","description":"El&auml;inl&auml;&auml;k&auml;ri aina l&auml;hell&auml;","potentialAction":[{"@type":"SearchAction","target":{"@type":"EntryPoint","urlTemplate":"https:\/\/veteva.vet\/?s={search_term_string}"},"query-input":"required name=search_term_string"}],"inLanguage":"en-GB"}]}},"_links":{"self":[{"href":"https:\/\/veteva.vet\/en\/wp-json\/wp\/v2\/pages\/88332"}],"collection":[{"href":"https:\/\/veteva.vet\/en\/wp-json\/wp\/v2\/pages"}],"about":[{"href":"https:\/\/veteva.vet\/en\/wp-json\/wp\/v2\/types\/page"}],"author":[{"embeddable":true,"href":"https:\/\/veteva.vet\/en\/wp-json\/wp\/v2\/users\/2"}],"replies":[{"embeddable":true,"href":"https:\/\/veteva.vet\/en\/wp-json\/wp\/v2\/comments?post=88332"}],"version-history":[{"count":5,"href":"https:\/\/veteva.vet\/en\/wp-json\/wp\/v2\/pages\/88332\/revisions"}],"predecessor-version":[{"id":88713,"href":"https:\/\/veteva.vet\/en\/wp-json\/wp\/v2\/pages\/88332\/revisions\/88713"}],"wp:attachment":[{"href":"https:\/\/veteva.vet\/en\/wp-json\/wp\/v2\/media?parent=88332"}],"curies":[{"name":"wp","href":"https:\/\/api.w.org\/{rel}","templated":true}]}}